{"id":162,"date":"2025-11-06T12:59:19","date_gmt":"2025-11-06T12:59:19","guid":{"rendered":"https:\/\/walkingwithhopeaba.com\/?page_id=162"},"modified":"2025-11-06T13:29:12","modified_gmt":"2025-11-06T13:29:12","slug":"privacy-policy","status":"publish","type":"page","link":"https:\/\/walkingwithhopeaba.com\/es\/privacy-policy\/","title":{"rendered":"Privacy Policy"},"content":{"rendered":"<p>[et_pb_section fb_built=&#8221;1&#8243; admin_label=&#8221;Hero&#8221; _builder_version=&#8221;4.25.2&#8243; _module_preset=&#8221;default&#8221; use_background_color_gradient=&#8221;on&#8221; background_color_gradient_direction=&#8221;148deg&#8221; background_color_gradient_stops=&#8221;#ffffff 50%|rgba(255,255,255,0.85) 75%|rgba(255,255,255,0.36) 100%&#8221; background_color_gradient_overlays_image=&#8221;on&#8221; background_color_gradient_start=&#8221;rgba(0,0,0,0.5)&#8221; background_color_gradient_end=&#8221;rgba(0,0,0,0.75)&#8221; background_image=&#8221;https:\/\/images.unsplash.com\/photo-1590598766184-1858e3711776?ixid=M3w1ODkyNzF8MHwxfHNlYXJjaHw2fHxvdXRkb29yJTIwbmF0dXJlJTIwcGF0aHxlbnwwfDB8fHwxNzYyNDM1NjEwfDA&#038;ixlib=rb-4.1.0&#038;fm=webp&#038;fit=crop&#038;crop=entropy&#038;w=1920&#038;h=1080&#038;q=20&#038;dpr=2&#8243; custom_padding=&#8221;||||false|false&#8221; locked=&#8221;off&#8221; collapsed=&#8221;on&#8221; global_colors_info=&#8221;{}&#8221; theme_builder_area=&#8221;post_content&#8221;][et_pb_row _builder_version=&#8221;4.27.4&#8243; _module_preset=&#8221;5138c454-be54-4233-bd3b-f8e6a8747976&#8243; hover_enabled=&#8221;0&#8243; locked=&#8221;off&#8221; global_colors_info=&#8221;{}&#8221; theme_builder_area=&#8221;post_content&#8221; sticky_enabled=&#8221;0&#8243;][et_pb_column type=&#8221;4_4&#8243; _builder_version=&#8221;4.23.1&#8243; _module_preset=&#8221;73121f80-a3ef-4484-8763-c3f18e3c56d2&#8243; global_colors_info=&#8221;{}&#8221; theme_builder_area=&#8221;post_content&#8221;][et_pb_heading title=&#8221;Understanding Your Privacy&#8221; _builder_version=&#8221;4.24.2&#8243; _module_preset=&#8221;f0c675ea-2574-4d0e-b725-30f8550a8550&#8243; title_level=&#8221;h4&#8243; title_font=&#8221;Source Sans Pro|Playfair Display_weight||on|||||&#8221; title_text_color=&#8221;#22577a&#8221; title_font_size=&#8221;14px&#8221; title_letter_spacing=&#8221;1px&#8221; title_line_height=&#8221;1.4em&#8221; custom_margin=&#8221;||10px||false|false&#8221; title_font_size_tablet=&#8221;13px&#8221; title_font_size_phone=&#8221;13px&#8221; title_font_size_last_edited=&#8221;on|desktop&#8221; locked=&#8221;off&#8221; global_colors_info=&#8221;{%22#22577a%22:%91%22title_text_color%22%93}&#8221; theme_builder_area=&#8221;post_content&#8221;][\/et_pb_heading][et_pb_heading title=&#8221;Privacy Policy Overview&#8221; _builder_version=&#8221;4.24.2&#8243; _module_preset=&#8221;ddeb8c09-9078-4424-bc15-2efb6572e28e&#8221; title_font=&#8221;Playfair Display|Playfair Display_weight|||||||&#8221; title_text_color=&#8221;#0e0c19&#8243; title_font_size=&#8221;72px&#8221; title_line_height=&#8221;1.15em&#8221; title_font_size_tablet=&#8221;40px&#8221; title_font_size_phone=&#8221;24px&#8221; title_font_size_last_edited=&#8221;on|phone&#8221; locked=&#8221;off&#8221; global_colors_info=&#8221;{}&#8221; theme_builder_area=&#8221;post_content&#8221;][\/et_pb_heading][et_pb_text quote_border_color=&#8221;#57cc99&#8243; _builder_version=&#8221;4.24.2&#8243; _module_preset=&#8221;2c55a9c4-feed-423b-9edb-ae0b5b365cac&#8221; text_font=&#8221;Source Sans Pro|Source Sans Pro_weight|||||||&#8221; text_text_color=&#8221;#3c3a47&#8243; text_font_size=&#8221;16px&#8221; text_line_height=&#8221;1.75em&#8221; link_font=&#8221;|Source Sans Pro_weight|||||||&#8221; link_text_color=&#8221;#22577a&#8221; quote_font=&#8221;Playfair Display|Playfair Display_weight|||||||&#8221; quote_text_color=&#8221;#0e0c19&#8243; header_font=&#8221;Playfair Display|Playfair Display_weight|||||||&#8221; header_text_color=&#8221;#0e0c19&#8243; header_font_size=&#8221;72px&#8221; header_line_height=&#8221;1.15em&#8221; header_2_font=&#8221;Playfair Display|Playfair Display_weight|||||||&#8221; header_2_text_color=&#8221;#0e0c19&#8243; header_2_font_size=&#8221;50px&#8221; header_2_line_height=&#8221;1.2em&#8221; header_3_font=&#8221;Playfair Display|Playfair Display_weight|||||||&#8221; header_3_text_color=&#8221;#0e0c19&#8243; header_3_font_size=&#8221;32px&#8221; header_3_line_height=&#8221;1.3em&#8221; header_4_font=&#8221;Playfair Display|Playfair Display_weight|||||||&#8221; header_4_text_color=&#8221;#0e0c19&#8243; header_4_font_size=&#8221;24px&#8221; header_4_line_height=&#8221;1.4em&#8221; header_5_font=&#8221;Playfair Display|Playfair Display_weight|||||||&#8221; header_5_text_color=&#8221;#0e0c19&#8243; header_5_font_size=&#8221;18px&#8221; header_5_line_height=&#8221;1.4em&#8221; header_6_font=&#8221;Playfair Display|Playfair Display_weight|||||||&#8221; header_6_text_color=&#8221;#0e0c19&#8243; header_6_line_height=&#8221;1.5em&#8221; custom_margin=&#8221;||||false|false&#8221; text_font_size_tablet=&#8221;15px&#8221; text_font_size_phone=&#8221;14px&#8221; text_font_size_last_edited=&#8221;on|phone&#8221; header_font_size_tablet=&#8221;40px&#8221; header_font_size_phone=&#8221;24px&#8221; header_font_size_last_edited=&#8221;on|desktop&#8221; header_2_font_size_tablet=&#8221;28px&#8221; header_2_font_size_phone=&#8221;20px&#8221; header_2_font_size_last_edited=&#8221;on|phone&#8221; header_3_font_size_tablet=&#8221;22px&#8221; header_3_font_size_phone=&#8221;17px&#8221; header_3_font_size_last_edited=&#8221;on|phone&#8221; header_4_font_size_tablet=&#8221;18px&#8221; header_4_font_size_phone=&#8221;15px&#8221; header_4_font_size_last_edited=&#8221;on|tablet&#8221; header_5_font_size_tablet=&#8221;15px&#8221; header_5_font_size_phone=&#8221;14px&#8221; header_5_font_size_last_edited=&#8221;on|desktop&#8221; header_6_font_size_tablet=&#8221;13px&#8221; header_6_font_size_phone=&#8221;13px&#8221; header_6_font_size_last_edited=&#8221;on|desktop&#8221; locked=&#8221;off&#8221; global_colors_info=&#8221;{}&#8221; theme_builder_area=&#8221;post_content&#8221;]<\/p>\n<p>Descubre c\u00f3mo en Walking with Hope ABA damos prioridad a tu privacidad y protegemos tu informaci\u00f3n personal.<\/p>\n<p>[\/et_pb_text][\/et_pb_column][\/et_pb_row][\/et_pb_section][et_pb_section fb_built=&#8221;1&#8243; admin_label=&#8221;Text&#8221; _builder_version=&#8221;4.18.0&#8243; _module_preset=&#8221;default&#8221; locked=&#8221;off&#8221; collapsed=&#8221;on&#8221; global_colors_info=&#8221;{}&#8221; theme_builder_area=&#8221;post_content&#8221;][et_pb_row _builder_version=&#8221;4.27.4&#8243; _module_preset=&#8221;5138c454-be54-4233-bd3b-f8e6a8747976&#8243; custom_padding=&#8221;0px|||||&#8221; hover_enabled=&#8221;0&#8243; global_colors_info=&#8221;{}&#8221; theme_builder_area=&#8221;post_content&#8221; sticky_enabled=&#8221;0&#8243;][et_pb_column type=&#8221;4_4&#8243; _builder_version=&#8221;4.16.1&#8243; _module_preset=&#8221;73121f80-a3ef-4484-8763-c3f18e3c56d2&#8243; global_colors_info=&#8221;{}&#8221; theme_builder_area=&#8221;post_content&#8221;][et_pb_text quote_border_color=&#8221;#57cc99&#8243; _builder_version=&#8221;4.24.2&#8243; _module_preset=&#8221;2c55a9c4-feed-423b-9edb-ae0b5b365cac&#8221; text_font=&#8221;Source Sans Pro|Source Sans Pro_weight|||||||&#8221; text_text_color=&#8221;#3c3a47&#8243; text_font_size=&#8221;16px&#8221; text_line_height=&#8221;1.75em&#8221; link_font=&#8221;|Source Sans Pro_weight|||||||&#8221; link_text_color=&#8221;#22577a&#8221; quote_font=&#8221;Playfair Display|Playfair Display_weight|||||||&#8221; quote_text_color=&#8221;#0e0c19&#8243; header_font=&#8221;Playfair Display|Playfair Display_weight|||||||&#8221; header_text_color=&#8221;#0e0c19&#8243; header_font_size=&#8221;72px&#8221; header_line_height=&#8221;1.15em&#8221; header_2_font=&#8221;Playfair Display|Playfair Display_weight|||||||&#8221; header_2_text_color=&#8221;#0e0c19&#8243; header_2_font_size=&#8221;50px&#8221; header_2_line_height=&#8221;1.2em&#8221; header_3_font=&#8221;Playfair Display|Playfair Display_weight|||||||&#8221; header_3_text_color=&#8221;#0e0c19&#8243; header_3_font_size=&#8221;32px&#8221; header_3_line_height=&#8221;1.3em&#8221; header_4_font=&#8221;Playfair Display|Playfair Display_weight|||||||&#8221; header_4_text_color=&#8221;#0e0c19&#8243; header_4_font_size=&#8221;24px&#8221; header_4_line_height=&#8221;1.4em&#8221; header_5_font=&#8221;Playfair Display|Playfair Display_weight|||||||&#8221; header_5_text_color=&#8221;#0e0c19&#8243; header_5_font_size=&#8221;18px&#8221; header_5_line_height=&#8221;1.4em&#8221; header_6_font=&#8221;Playfair Display|Playfair Display_weight|||||||&#8221; header_6_text_color=&#8221;#0e0c19&#8243; header_6_line_height=&#8221;1.5em&#8221; custom_margin=&#8221;||||false|false&#8221; text_font_size_tablet=&#8221;15px&#8221; text_font_size_phone=&#8221;14px&#8221; text_font_size_last_edited=&#8221;on|phone&#8221; header_font_size_tablet=&#8221;40px&#8221; header_font_size_phone=&#8221;24px&#8221; header_font_size_last_edited=&#8221;on|desktop&#8221; header_2_font_size_tablet=&#8221;28px&#8221; header_2_font_size_phone=&#8221;20px&#8221; header_2_font_size_last_edited=&#8221;on|phone&#8221; header_3_font_size_tablet=&#8221;22px&#8221; header_3_font_size_phone=&#8221;17px&#8221; header_3_font_size_last_edited=&#8221;on|phone&#8221; header_4_font_size_tablet=&#8221;18px&#8221; header_4_font_size_phone=&#8221;15px&#8221; header_4_font_size_last_edited=&#8221;on|tablet&#8221; header_5_font_size_tablet=&#8221;15px&#8221; header_5_font_size_phone=&#8221;14px&#8221; header_5_font_size_last_edited=&#8221;on|desktop&#8221; header_6_font_size_tablet=&#8221;13px&#8221; header_6_font_size_phone=&#8221;13px&#8221; header_6_font_size_last_edited=&#8221;on|desktop&#8221; locked=&#8221;off&#8221; global_colors_info=&#8221;{}&#8221; theme_builder_area=&#8221;post_content&#8221;]<\/p>\n<p>&nbsp;<\/p>\n<h3 data-start=\"537\" data-end=\"560\"><strong data-start=\"541\" data-end=\"560\">Introducci\u00f3n<\/strong><\/h3>\n<p data-start=\"561\" data-end=\"906\">Walking with Hope ABA (\u201cnosotros\u201d o \u201cnuestro\u201d) valora su privacidad y se compromete a proteger su informaci\u00f3n personal. Esta Pol\u00edtica de Privacidad explica c\u00f3mo recopilamos, utilizamos, divulgamos y protegemos su informaci\u00f3n cuando visita nuestro sitio web. <a data-start=\"802\" data-end=\"866\" class=\"decorated-link\" rel=\"noopener\" target=\"_new\" href=\"https:\/\/walkingwithhopeaba.com\/es\/\">https:\/\/walkingwithhopeaba.com<span aria-hidden=\"true\" class=\"ms-0.5 inline-block align-middle leading-none\"><svg width=\"20\" height=\"20\" viewbox=\"0 0 20 20\" fill=\"currentColor\" xmlns=\"http:\/\/www.w3.org\/2000\/svg\" data-rtl-flip=\"\" class=\"block h-[0.75em] w-[0.75em] stroke-current stroke-[0.75]\"><path d=\"M14.3349 13.3301V6.60645L5.47065 15.4707C5.21095 15.7304 4.78895 15.7304 4.52925 15.4707C4.26955 15.211 4.26955 14.789 4.52925 14.5293L13.3935 5.66504H6.66011C6.29284 5.66504 5.99507 5.36727 5.99507 5C5.99507 4.63273 6.29284 4.33496 6.66011 4.33496H14.9999L15.1337 4.34863C15.4369 4.41057 15.665 4.67857 15.665 5V13.3301C15.6649 13.6973 15.3672 13.9951 14.9999 13.9951C14.6327 13.9951 14.335 13.6973 14.3349 13.3301Z\"><\/path><\/svg><\/span><\/a> o se comunica con nosotros a trav\u00e9s de nuestros formularios en l\u00ednea.<\/p>\n<p data-start=\"908\" data-end=\"976\">Al utilizar nuestro sitio web, usted acepta los t\u00e9rminos de esta Pol\u00edtica de Privacidad.<\/p>\n<hr data-start=\"978\" data-end=\"981\" \/>\n<h3 data-start=\"983\" data-end=\"1016\"><strong data-start=\"987\" data-end=\"1016\">Informaci\u00f3n que recopilamos<\/strong><\/h3>\n<p data-start=\"1017\" data-end=\"1099\">Cuando se comunica con nosotros a trav\u00e9s de nuestro sitio web, podemos recopilar la siguiente informaci\u00f3n:<\/p>\n<ul data-start=\"1101\" data-end=\"1154\">\n<li data-start=\"1101\" data-end=\"1113\">\n<p data-start=\"1103\" data-end=\"1113\"><strong data-start=\"1103\" data-end=\"1111\">Nombre<\/strong><\/p>\n<\/li>\n<li data-start=\"1114\" data-end=\"1135\">\n<p data-start=\"1116\" data-end=\"1135\"><strong data-start=\"1116\" data-end=\"1133\">Email address<\/strong><\/p>\n<\/li>\n<li data-start=\"1136\" data-end=\"1154\">\n<p data-start=\"1138\" data-end=\"1154\"><strong data-start=\"1138\" data-end=\"1154\">Telefono<\/strong><\/p>\n<\/li>\n<\/ul>\n<p data-start=\"1156\" data-end=\"1314\">Recopilamos esta informaci\u00f3n \u00fanicamente para responder a sus consultas, programar citas y ofrecer servicios relacionados con la terapia de An\u00e1lisis de Conducta Aplicado (ABA).<\/p>\n<hr data-start=\"1316\" data-end=\"1319\" \/>\n<h3 data-start=\"1321\" data-end=\"1359\"><strong data-start=\"1325\" data-end=\"1359\">C\u00f3mo utilizamos su informaci\u00f3n<\/strong><\/h3>\n<p data-start=\"1360\" data-end=\"1396\">Utilizamos la informaci\u00f3n recopilada para:<\/p>\n<ul data-start=\"1398\" data-end=\"1627\">\n<li data-start=\"1398\" data-end=\"1447\">\n<p data-start=\"1400\" data-end=\"1447\">Responder a consultas y solicitudes de cita<\/p>\n<\/li>\n<li data-start=\"1448\" data-end=\"1491\">\n<p data-start=\"1450\" data-end=\"1491\">Comunicarnos con usted sobre nuestros servicios<\/p>\n<\/li>\n<li data-start=\"1492\" data-end=\"1564\">\n<p data-start=\"1494\" data-end=\"1564\">Mantener registros internos de programaci\u00f3n y administraci\u00f3n<\/p>\n<\/li>\n<li data-start=\"1565\" data-end=\"1627\">\n<p data-start=\"1567\" data-end=\"1627\">Cumplir con las leyes y regulaciones aplicables, incluido HIPAA<\/p>\n<\/li>\n<\/ul>\n<hr data-start=\"1629\" data-end=\"1632\" \/>\n<h3 data-start=\"1634\" data-end=\"1661\"><strong data-start=\"1638\" data-end=\"1661\">Cumplimiento con HIPAA<\/strong><\/h3>\n<p data-start=\"1662\" data-end=\"1979\">Como proveedor de servicios de salud, Walking with Hope ABA cumple con la Ley de Portabilidad y Responsabilidad del Seguro M\u00e9dico (HIPAA, por sus siglas en ingl\u00e9s). Cualquier Informaci\u00f3n de Salud Protegida (PHI) que usted comparta con nosotros se mantiene confidencial y se utiliza \u00fanicamente para tratamiento, pago y operaciones de atenci\u00f3n m\u00e9dica, seg\u00fan lo permiten las regulaciones de HIPAA.<\/p>\n<p data-start=\"1981\" data-end=\"2091\">Mantenemos medidas administrativas, f\u00edsicas y t\u00e9cnicas para garantizar la privacidad y seguridad de su informaci\u00f3n protegida.<\/p>\n<hr data-start=\"2093\" data-end=\"2096\" \/>\n<h3 data-start=\"2098\" data-end=\"2143\"><strong data-start=\"2102\" data-end=\"2143\">Divulgaci\u00f3n y uso compartido de la informaci\u00f3n<\/strong><\/h3>\n<p data-start=\"2144\" data-end=\"2277\">No <strong data-start=\"2150\" data-end=\"2157\">not<\/strong> vendemos, alquilamos ni intercambiamos su informaci\u00f3n personal. Solo podemos compartir su informaci\u00f3n en las siguientes situaciones limitadas:<\/p>\n<ul data-start=\"2279\" data-end=\"2513\">\n<li data-start=\"2279\" data-end=\"2338\">\n<p data-start=\"2281\" data-end=\"2338\">Para cumplir con obligaciones legales o solicitudes de las autoridades gubernamentales<\/p>\n<\/li>\n<li data-start=\"2339\" data-end=\"2448\">\n<p data-start=\"2341\" data-end=\"2448\">Con proveedores de servicios que nos ayudan a operar nuestro sitio web o negocio, bajo acuerdos de confidencialidad<\/p>\n<\/li>\n<li data-start=\"2449\" data-end=\"2513\">\n<p data-start=\"2451\" data-end=\"2513\">Con su consentimiento o seg\u00fan lo exija o permita la ley<\/p>\n<\/li>\n<\/ul>\n<hr data-start=\"2515\" data-end=\"2518\" \/>\n<h3 data-start=\"2520\" data-end=\"2544\"><strong data-start=\"2524\" data-end=\"2544\">Seguridad de los datos<\/strong><\/h3>\n<p data-start=\"2545\" data-end=\"2831\">Implementamos medidas administrativas, t\u00e9cnicas y f\u00edsicas razonables para proteger su informaci\u00f3n contra el acceso, la divulgaci\u00f3n, alteraci\u00f3n o destrucci\u00f3n no autorizada. Sin embargo, ning\u00fan m\u00e9todo de transmisi\u00f3n por Internet o almacenamiento electr\u00f3nico es completamente seguro, por lo que no podemos garantizar una seguridad absoluta.<\/p>\n<hr data-start=\"2833\" data-end=\"2836\" \/>\n<h3 data-start=\"2838\" data-end=\"2860\"><strong data-start=\"2842\" data-end=\"2860\">Sus derechos<\/strong><\/h3>\n<p data-start=\"2861\" data-end=\"2883\">Usted tiene derecho a:<\/p>\n<ul data-start=\"2885\" data-end=\"3062\">\n<li data-start=\"2885\" data-end=\"2932\">\n<p data-start=\"2887\" data-end=\"2932\">Solicitar acceso a su informaci\u00f3n personal<\/p>\n<\/li>\n<li data-start=\"2933\" data-end=\"2975\">\n<p data-start=\"2935\" data-end=\"2975\">Solicitar la correcci\u00f3n de datos inexactos<\/p>\n<\/li>\n<li data-start=\"2976\" data-end=\"3062\">\n<p data-start=\"2978\" data-end=\"3062\">Solicitar que limitemos o detengamos ciertos usos de su informaci\u00f3n, seg\u00fan lo permita la ley<\/p>\n<\/li>\n<\/ul>\n<p data-start=\"3064\" data-end=\"3151\">Si desea ejercer alguno de estos derechos, comun\u00edquese con nosotros utilizando los datos que se indican a continuaci\u00f3n.<\/p>\n<hr data-start=\"3153\" data-end=\"3156\" \/>\n<h3 data-start=\"3158\" data-end=\"3189\"><strong data-start=\"3162\" data-end=\"3189\">Servicios de terceros<\/strong><\/h3>\n<p data-start=\"3190\" data-end=\"3472\">Nuestro sitio web puede utilizar herramientas o servicios de terceros, como proveedores de an\u00e1lisis o alojamiento. Estos servicios pueden recopilar informaci\u00f3n t\u00e9cnica limitada (como cookies o direcciones IP) para mejorar la funcionalidad del sitio web. Estos terceros no est\u00e1n autorizados a utilizar su informaci\u00f3n para otros fines.<\/p>\n<hr data-start=\"3474\" data-end=\"3477\" \/>\n<h3 data-start=\"3479\" data-end=\"3508\"><strong data-start=\"3483\" data-end=\"3508\">Privacidad de los menores<\/strong><\/h3>\n<p data-start=\"3509\" data-end=\"3684\">Nuestros servicios est\u00e1n dirigidos a padres y tutores que buscan terapia ABA para menores. No recopilamos deliberadamente informaci\u00f3n personal directamente de ni\u00f1os menores de 13 a\u00f1os.<\/p>\n<hr data-start=\"3686\" data-end=\"3689\" \/>\n<h3 data-start=\"3691\" data-end=\"3725\"><strong data-start=\"3695\" data-end=\"3725\">Actualizaciones de esta pol\u00edtica<\/strong><\/h3>\n<p data-start=\"3726\" data-end=\"3917\">Podemos actualizar esta Pol\u00edtica de Privacidad peri\u00f3dicamente para reflejar cambios en nuestras pr\u00e1cticas o en los requisitos legales. La versi\u00f3n actualizada se publicar\u00e1 en esta p\u00e1gina con la fecha de vigencia revisada.<\/p>\n<p>[\/et_pb_text][\/et_pb_column][\/et_pb_row][\/et_pb_section]<\/p>","protected":false},"excerpt":{"rendered":"<p>Explore how we prioritize your privacy and protect your personal information at Walkingwithhopeaba.&nbsp; 1. Introduction Walking with Hope ABA (\u201cwe,\u201d \u201cour,\u201d or \u201cus\u201d) values your privacy and is committed to protecting your personal information. This Privacy Policy explains how we collect, use, disclose, and safeguard your information when you visit our website https:\/\/walkingwithhopeaba.com or contact [&hellip;]<\/p>","protected":false},"author":1,"featured_media":0,"parent":0,"menu_order":0,"comment_status":"closed","ping_status":"closed","template":"","meta":{"_et_pb_use_builder":"on","_et_pb_old_content":"<div class=\"boldgrid-section\">\r\n<div class=\"container\">\r\n<div class=\"row\">\r\n<div class=\"col-lg-12 col-md-12 col-xs-12 col-sm-12\">\r\n\r\n&nbsp;\r\n\r\n<\/div>\r\n<\/div>\r\n<\/div>\r\n<\/div>","_et_gb_content_width":"","pagelayer_contact_templates":[],"_pagelayer_content":"","footnotes":""},"class_list":["post-162","page","type-page","status-publish","hentry"],"_links":{"self":[{"href":"https:\/\/walkingwithhopeaba.com\/es\/wp-json\/wp\/v2\/pages\/162","targetHints":{"allow":["GET"]}}],"collection":[{"href":"https:\/\/walkingwithhopeaba.com\/es\/wp-json\/wp\/v2\/pages"}],"about":[{"href":"https:\/\/walkingwithhopeaba.com\/es\/wp-json\/wp\/v2\/types\/page"}],"author":[{"embeddable":true,"href":"https:\/\/walkingwithhopeaba.com\/es\/wp-json\/wp\/v2\/users\/1"}],"replies":[{"embeddable":true,"href":"https:\/\/walkingwithhopeaba.com\/es\/wp-json\/wp\/v2\/comments?post=162"}],"version-history":[{"count":4,"href":"https:\/\/walkingwithhopeaba.com\/es\/wp-json\/wp\/v2\/pages\/162\/revisions"}],"predecessor-version":[{"id":169,"href":"https:\/\/walkingwithhopeaba.com\/es\/wp-json\/wp\/v2\/pages\/162\/revisions\/169"}],"wp:attachment":[{"href":"https:\/\/walkingwithhopeaba.com\/es\/wp-json\/wp\/v2\/media?parent=162"}],"curies":[{"name":"wp","href":"https:\/\/api.w.org\/{rel}","templated":true}]}}