{"id":173,"date":"2025-11-06T13:52:32","date_gmt":"2025-11-06T13:52:32","guid":{"rendered":"https:\/\/walkingwithhopeaba.com\/?page_id=173"},"modified":"2025-11-06T14:44:16","modified_gmt":"2025-11-06T14:44:16","slug":"hipaa-notice-of-privacy-practices","status":"publish","type":"page","link":"https:\/\/walkingwithhopeaba.com\/es\/hipaa-notice-of-privacy-practices\/","title":{"rendered":"HIPAA Notice of Privacy Practices"},"content":{"rendered":"<p>[et_pb_section fb_built=&#8221;1&#8243; admin_label=&#8221;Hero&#8221; _builder_version=&#8221;4.25.2&#8243; _module_preset=&#8221;default&#8221; use_background_color_gradient=&#8221;on&#8221; background_color_gradient_direction=&#8221;148deg&#8221; background_color_gradient_stops=&#8221;#ffffff 50%|rgba(255,255,255,0.85) 75%|rgba(255,255,255,0.36) 100%&#8221; background_color_gradient_overlays_image=&#8221;on&#8221; background_color_gradient_start=&#8221;rgba(0,0,0,0.5)&#8221; background_color_gradient_end=&#8221;rgba(0,0,0,0.75)&#8221; background_image=&#8221;https:\/\/images.unsplash.com\/photo-1590598766184-1858e3711776?ixid=M3w1ODkyNzF8MHwxfHNlYXJjaHw2fHxvdXRkb29yJTIwbmF0dXJlJTIwcGF0aHxlbnwwfDB8fHwxNzYyNDM1NjEwfDA&#038;ixlib=rb-4.1.0&#038;fm=webp&#038;fit=crop&#038;crop=entropy&#038;w=1920&#038;h=1080&#038;q=20&#038;dpr=2&#8243; custom_padding=&#8221;||||false|false&#8221; locked=&#8221;off&#8221; collapsed=&#8221;on&#8221; global_colors_info=&#8221;{}&#8221;][et_pb_row _builder_version=&#8221;4.27.4&#8243; _module_preset=&#8221;5138c454-be54-4233-bd3b-f8e6a8747976&#8243; locked=&#8221;off&#8221; global_colors_info=&#8221;{}&#8221;][et_pb_column type=&#8221;4_4&#8243; _builder_version=&#8221;4.23.1&#8243; _module_preset=&#8221;73121f80-a3ef-4484-8763-c3f18e3c56d2&#8243; global_colors_info=&#8221;{}&#8221;][et_pb_heading title=&#8221;Understanding Your Privacy Rights&#8221; _builder_version=&#8221;4.24.2&#8243; _module_preset=&#8221;f0c675ea-2574-4d0e-b725-30f8550a8550&#8243; title_level=&#8221;h4&#8243; title_font=&#8221;Source Sans Pro|Playfair Display_weight||on|||||&#8221; title_text_color=&#8221;#22577a&#8221; title_font_size=&#8221;14px&#8221; title_letter_spacing=&#8221;1px&#8221; title_line_height=&#8221;1.4em&#8221; custom_margin=&#8221;||10px||false|false&#8221; title_font_size_tablet=&#8221;13px&#8221; title_font_size_phone=&#8221;13px&#8221; title_font_size_last_edited=&#8221;on|desktop&#8221; locked=&#8221;off&#8221; global_colors_info=&#8221;{%22#22577a%22:%91%22title_text_color%22%93}&#8221;][\/et_pb_heading][et_pb_heading title=&#8221;HIPAA Notice of Privacy Practices&#8221; _builder_version=&#8221;4.24.2&#8243; _module_preset=&#8221;ddeb8c09-9078-4424-bc15-2efb6572e28e&#8221; title_font=&#8221;Playfair Display|Playfair Display_weight|||||||&#8221; title_text_color=&#8221;#0e0c19&#8243; title_font_size=&#8221;72px&#8221; title_line_height=&#8221;1.15em&#8221; title_font_size_tablet=&#8221;40px&#8221; title_font_size_phone=&#8221;24px&#8221; title_font_size_last_edited=&#8221;on|phone&#8221; locked=&#8221;off&#8221; global_colors_info=&#8221;{}&#8221;][\/et_pb_heading][et_pb_text quote_border_color=&#8221;#57cc99&#8243; _builder_version=&#8221;4.27.4&#8243; _module_preset=&#8221;2c55a9c4-feed-423b-9edb-ae0b5b365cac&#8221; text_font=&#8221;Source Sans Pro|Source Sans Pro_weight|||||||&#8221; text_text_color=&#8221;#3c3a47&#8243; text_font_size=&#8221;16px&#8221; text_line_height=&#8221;1.75em&#8221; link_font=&#8221;|Source Sans Pro_weight|||||||&#8221; link_text_color=&#8221;#22577a&#8221; quote_font=&#8221;Playfair Display|Playfair Display_weight|||||||&#8221; quote_text_color=&#8221;#0e0c19&#8243; header_font=&#8221;Playfair Display|Playfair Display_weight|||||||&#8221; header_text_color=&#8221;#0e0c19&#8243; header_font_size=&#8221;72px&#8221; header_line_height=&#8221;1.15em&#8221; header_2_font=&#8221;Playfair Display|Playfair Display_weight|||||||&#8221; header_2_text_color=&#8221;#0e0c19&#8243; header_2_font_size=&#8221;50px&#8221; header_2_line_height=&#8221;1.2em&#8221; header_3_font=&#8221;Playfair Display|Playfair Display_weight|||||||&#8221; header_3_text_color=&#8221;#0e0c19&#8243; header_3_font_size=&#8221;32px&#8221; header_3_line_height=&#8221;1.3em&#8221; header_4_font=&#8221;Playfair Display|Playfair Display_weight|||||||&#8221; header_4_text_color=&#8221;#0e0c19&#8243; header_4_font_size=&#8221;24px&#8221; header_4_line_height=&#8221;1.4em&#8221; header_5_font=&#8221;Playfair Display|Playfair Display_weight|||||||&#8221; header_5_text_color=&#8221;#0e0c19&#8243; header_5_font_size=&#8221;18px&#8221; header_5_line_height=&#8221;1.4em&#8221; header_6_font=&#8221;Playfair Display|Playfair Display_weight|||||||&#8221; header_6_text_color=&#8221;#0e0c19&#8243; header_6_line_height=&#8221;1.5em&#8221; custom_margin=&#8221;||||false|false&#8221; text_font_size_tablet=&#8221;15px&#8221; text_font_size_phone=&#8221;14px&#8221; text_font_size_last_edited=&#8221;on|phone&#8221; header_font_size_tablet=&#8221;40px&#8221; header_font_size_phone=&#8221;24px&#8221; header_font_size_last_edited=&#8221;on|desktop&#8221; header_2_font_size_tablet=&#8221;28px&#8221; header_2_font_size_phone=&#8221;20px&#8221; header_2_font_size_last_edited=&#8221;on|phone&#8221; header_3_font_size_tablet=&#8221;22px&#8221; header_3_font_size_phone=&#8221;17px&#8221; header_3_font_size_last_edited=&#8221;on|phone&#8221; header_4_font_size_tablet=&#8221;18px&#8221; header_4_font_size_phone=&#8221;15px&#8221; header_4_font_size_last_edited=&#8221;on|tablet&#8221; header_5_font_size_tablet=&#8221;15px&#8221; header_5_font_size_phone=&#8221;14px&#8221; header_5_font_size_last_edited=&#8221;on|desktop&#8221; header_6_font_size_tablet=&#8221;13px&#8221; header_6_font_size_phone=&#8221;13px&#8221; header_6_font_size_last_edited=&#8221;on|desktop&#8221; locked=&#8221;off&#8221; global_colors_info=&#8221;{}&#8221;]<\/p>\n<p>Descubra c\u00f3mo protegemos su informaci\u00f3n de salud y respetamos su privacidad seg\u00fan las regulaciones de HIPAA.<\/p>\n<p>[\/et_pb_text][\/et_pb_column][\/et_pb_row][\/et_pb_section][et_pb_section fb_built=&#8221;1&#8243; admin_label=&#8221;About&#8221; _builder_version=&#8221;4.27.4&#8243; _module_preset=&#8221;default&#8221; custom_padding=&#8221;|40px||40px|false|true&#8221; collapsed=&#8221;on&#8221; global_colors_info=&#8221;{}&#8221;][et_pb_row _builder_version=&#8221;4.27.4&#8243; _module_preset=&#8221;default&#8221;][et_pb_column _builder_version=&#8221;4.27.4&#8243; _module_preset=&#8221;default&#8221; type=&#8221;4_4&#8243;][et_pb_text _builder_version=&#8221;4.27.4&#8243; _module_preset=&#8221;default&#8221; hover_enabled=&#8221;0&#8243; sticky_enabled=&#8221;0&#8243;]<\/p>\n<p><em>Este aviso describe c\u00f3mo se puede utilizar y divulgar la informaci\u00f3n m\u00e9dica sobre usted. <br \/>y c\u00f3mo usted puede acceder a esta informaci\u00f3n. Por favor, rev\u00edselo cuidadosamente.<\/em><\/p>\n<p><strong>\u00a0<\/strong><\/p>\n<p><strong>WALKING WITH HOPE CORP<\/strong><\/p>\n<p><strong>\u00a0<\/strong><\/p>\n<p>La traducci\u00f3n al espa\u00f1ol ser\u00eda:  La informaci\u00f3n de salud protegida (PHI, por sus siglas en ingl\u00e9s) sobre usted se mantiene como un registro escrito y\/o electr\u00f3nico de sus contactos o visitas a nuestra pr\u00e1ctica de servicios de salud. Espec\u00edficamente, la PHI es informaci\u00f3n sobre usted, incluyendo informaci\u00f3n demogr\u00e1fica (por ejemplo, nombre, direcci\u00f3n, tel\u00e9fono, etc.) que puede identificarlo y que se relaciona con su condici\u00f3n de salud f\u00edsica o mental pasada, presente o futura, as\u00ed como con los servicios de atenci\u00f3n m\u00e9dica relacionados.<\/p>\n<p>&nbsp;<\/p>\n<p>La traducci\u00f3n al espa\u00f1ol ser\u00eda:  Nuestra pr\u00e1ctica est\u00e1 obligada a seguir reglas espec\u00edficas sobre el mantenimiento de la confidencialidad de su PHI, el uso de su informaci\u00f3n y la divulgaci\u00f3n o compartici\u00f3n de esta informaci\u00f3n con otros profesionales de la salud involucrados en su atenci\u00f3n y tratamiento. Este Aviso describe sus derechos para acceder y controlar su PHI. Tambi\u00e9n explica c\u00f3mo cumplimos con las normas aplicables y c\u00f3mo usamos y divulgamos su PHI para proporcionarle tratamiento, obtener el pago de los servicios que recibe, gestionar nuestras operaciones de atenci\u00f3n m\u00e9dica y para otros fines que la ley permita o requiera.<\/p>\n<p>&nbsp;<\/p>\n<p><strong>Sus derechos seg\u00fan la Norma de Privacidad<\/strong><\/p>\n<p>A continuaci\u00f3n se presenta una declaraci\u00f3n de sus derechos, seg\u00fan la Norma de Privacidad, en relaci\u00f3n con su PHI. No dude en consultar con nuestro personal si tiene alguna pregunta.<\/p>\n<p>&nbsp;<\/p>\n<p><strong>Usted tiene el derecho de recibir, y nosotros estamos obligados a proporcionarle, una copia de este Aviso de Pr\u00e1cticas de Privacidad.<\/strong>\u00a0<\/p>\n<p>Estamos obligados a cumplir con los t\u00e9rminos de este aviso. Nos reservamos el derecho de cambiar los t\u00e9rminos de nuestro aviso en cualquier momento. A su solicitud, le proporcionaremos un Aviso de Pr\u00e1cticas de Privacidad revisado si llama a nuestra oficina y solicita que se le env\u00ede una copia por correo o si lo solicita en el momento de su pr\u00f3xima cita. El Aviso tambi\u00e9n se publicar\u00e1 en un lugar visible dentro de la pr\u00e1ctica y, si la pr\u00e1ctica mantiene un sitio web, tambi\u00e9n estar\u00e1 disponible all\u00ed.<\/p>\n<p>&nbsp;<\/p>\n<p><strong>Usted tiene el derecho de autorizar otros usos y divulgaciones.<\/strong><\/p>\n<p>Esto significa que usted tiene el derecho de autorizar cualquier uso o divulgaci\u00f3n de su PHI que no est\u00e9 especificado en este aviso. Por ejemplo, necesitar\u00edamos su autorizaci\u00f3n por escrito para usar o divulgar su PHI con fines de mercadeo, para la mayor\u00eda de los usos o divulgaciones de notas de psicoterapia, o si tuvi\u00e9ramos la intenci\u00f3n de vender su PHI. Usted puede revocar una autorizaci\u00f3n en cualquier momento, por escrito, excepto en la medida en que su proveedor de salud o nuestra pr\u00e1ctica haya tomado alguna acci\u00f3n confiando en el uso o divulgaci\u00f3n indicada en la autorizaci\u00f3n.<\/p>\n<p>&nbsp;<\/p>\n<p><strong>Usted tiene el derecho de solicitar un medio alternativo de comunicaci\u00f3n confidencial.<\/strong><\/p>\n<p>Esto significa que usted tiene el derecho de solicitarnos que nos comuniquemos con usted sobre asuntos m\u00e9dicos utilizando un m\u00e9todo alternativo (por ejemplo, correo electr\u00f3nico, tel\u00e9fono) y a un destino (por ejemplo, n\u00famero de celular, direcci\u00f3n alternativa, etc.) que usted designe. Debe informarnos por escrito, utilizando un formulario proporcionado por nuestra pr\u00e1ctica, c\u00f3mo desea ser contactado si es diferente de la direcci\u00f3n o el n\u00famero de tel\u00e9fono que tenemos registrado. Cumpliremos con todas las solicitudes razonables.<\/p>\n<p>&nbsp;<\/p>\n<p><strong>Usted tiene el derecho de inspeccionar y obtener copias de su PHI. <br \/><\/strong>Esto significa que usted puede inspeccionar y obtener una copia completa de su historial de salud. Si su historial de salud se mantiene electr\u00f3nicamente, tambi\u00e9n tendr\u00e1 el derecho de solicitar una copia en formato electr\u00f3nico. Tenemos el derecho de cobrar una tarifa razonable por copias en papel o electr\u00f3nicas, seg\u00fan lo establecido por las pautas profesionales, estatales o federales.<\/p>\n<p>&nbsp;<\/p>\n<p><strong>Usted tiene el derecho de solicitar una restricci\u00f3n sobre el uso o divulgaci\u00f3n de su PHI.<\/strong><\/p>\n<p>Esto significa que usted puede solicitarnos, por escrito, que no usemos ni divulguemos ninguna parte de su informaci\u00f3n de salud protegida para fines de tratamiento, pago u operaciones de atenci\u00f3n m\u00e9dica. Si aceptamos la restricci\u00f3n solicitada, la cumpliremos, excepto en situaciones de emergencia cuando la informaci\u00f3n sea necesaria para su tratamiento. En ciertos casos, podemos denegar su solicitud de restricci\u00f3n. Usted tendr\u00e1 el derecho de solicitar, por escrito, que restrinjamos la comunicaci\u00f3n con su plan de salud respecto a un tratamiento o servicio espec\u00edfico que usted, o alguien en su nombre, haya pagado en su totalidad de forma directa (out-of-pocket). No se nos permite negar este tipo espec\u00edfico de restricci\u00f3n solicitada.<\/p>\n<p>&nbsp;<\/p>\n<p><strong>Usted puede tener el derecho de solicitar una enmienda a su informaci\u00f3n de salud protegida.<\/strong>\u00a0<\/p>\n<p>Esto significa que usted puede solicitar una enmienda a su PHI mientras mantengamos esta informaci\u00f3n. En ciertos casos, podemos denegar su solicitud.<\/p>\n<p>&nbsp;<\/p>\n<p><strong>Usted tiene el derecho de solicitar un registro de divulgaciones.<\/strong><\/p>\n<p>Esto significa que usted puede solicitar un listado de las divulgaciones que hemos realizado de su PHI a entidades o personas fuera de nuestra oficina.<\/p>\n<p>&nbsp;<\/p>\n<p><strong>Usted tiene el derecho de recibir un aviso en caso de violaci\u00f3n de su privacidad.<\/strong><\/p>\n<p>Usted tiene el derecho de recibir una notificaci\u00f3n por escrito si la pr\u00e1ctica descubre una violaci\u00f3n de su PHI no asegurada y determina, mediante una evaluaci\u00f3n de riesgos, que es necesario enviar la notificaci\u00f3n.<\/p>\n<p>&nbsp;<\/p>\n<p>Si tiene preguntas sobre sus derechos de privacidad, no dude en comunicarse con nuestro Gerente de Privacidad. La informaci\u00f3n de contacto se proporciona en la p\u00e1gina siguiente bajo \u201cQuejas de Privacidad\u201d.<\/p>\n<p>&nbsp;<\/p>\n<p><strong>\u00a0<\/strong><\/p>\n<p><strong>\u00a0<\/strong><\/p>\n<p><strong>C\u00f3mo podemos usar o divulgar la informaci\u00f3n de salud protegida<\/strong><\/p>\n<p>A continuaci\u00f3n se presentan ejemplos de usos y divulgaciones de su informaci\u00f3n de salud protegida que estamos autorizados a realizar. Estos ejemplos no pretenden ser exhaustivos, sino describir los posibles tipos de usos y divulgaciones.<\/p>\n<p>&nbsp;<\/p>\n<p><strong>Tratamiento<\/strong><\/p>\n<p>Podemos usar y divulgar su PHI para proporcionar, coordinar o gestionar su atenci\u00f3n m\u00e9dica y cualquier servicio relacionado. Esto incluye la coordinaci\u00f3n o gesti\u00f3n de su atenci\u00f3n m\u00e9dica con un tercero que est\u00e9 involucrado en su cuidado y tratamiento. Por ejemplo, divulgar\u00edamos su PHI, seg\u00fan sea necesario, a una farmacia que surtir\u00e1 sus recetas. Tambi\u00e9n divulgaremos PHI a otros proveedores de atenci\u00f3n m\u00e9dica que puedan estar involucrados en su cuidado y tratamiento.<\/p>\n<p>&nbsp;<\/p>\n<p><strong>Avisos Especiales<\/strong><\/p>\n<p>Podemos usar o divulgar su PHI, seg\u00fan sea necesario, para contactarlo y recordarle su cita. Podemos comunicarnos con usted por tel\u00e9fono u otros medios para proporcionarle los resultados de ex\u00e1menes o pruebas y para ofrecerle informaci\u00f3n que describa o recomiende alternativas de tratamiento relacionadas con su atenci\u00f3n. Adem\u00e1s, podemos contactarlo para proporcionarle informaci\u00f3n sobre beneficios y servicios relacionados con la salud ofrecidos por nuestra oficina, para actividades de recaudaci\u00f3n de fondos o, con respecto a un plan de salud grupal, para divulgar informaci\u00f3n al patrocinador del plan de salud. Usted tendr\u00e1 el derecho de optar por no recibir dichos avisos especiales, y cada aviso incluir\u00e1 instrucciones para optar por no recibirlos.<\/p>\n<p>&nbsp;<\/p>\n<p><strong>Pagos<\/strong><\/p>\n<p>Su PHI se utilizar\u00e1, seg\u00fan sea necesario, para obtener el pago de sus servicios de atenci\u00f3n m\u00e9dica. Esto puede incluir ciertas actividades que su plan de seguro de salud pueda realizar antes de aprobar o pagar por los servicios de atenci\u00f3n m\u00e9dica que le recomendamos, tales como determinar la elegibilidad o cobertura para los beneficios del seguro.<\/p>\n<p>&nbsp;<\/p>\n<p><strong>Operaciones de Atenci\u00f3n M\u00e9dica<\/strong><\/p>\n<p>Podemos usar o divulgar, seg\u00fan sea necesario, su PHI para apoyar las actividades comerciales de nuestra pr\u00e1ctica. Esto incluye, pero no se limita a, planificaci\u00f3n y desarrollo del negocio, evaluaci\u00f3n y mejora de la calidad, revisi\u00f3n m\u00e9dica, servicios legales, funciones de auditor\u00eda y actividades de seguridad del paciente.<\/p>\n<p>&nbsp;<\/p>\n<p><strong>Organizaci\u00f3n de Informaci\u00f3n de Salud<\/strong><\/p>\n<p>La pr\u00e1ctica puede optar por utilizar una organizaci\u00f3n de informaci\u00f3n de salud u otra organizaci\u00f3n similar para facilitar el intercambio electr\u00f3nico de informaci\u00f3n con fines de tratamiento, pago u operaciones de atenci\u00f3n m\u00e9dica.<\/p>\n<p>&nbsp;<\/p>\n<p><strong>A otras personas involucradas en su atenci\u00f3n m\u00e9dica<\/strong><\/p>\n<p>A menos que usted se oponga, podemos divulgar a un miembro de su familia, un pariente, un amigo cercano o cualquier otra persona que usted designe, su PHI que se relacione directamente con la participaci\u00f3n de esa persona en su atenci\u00f3n m\u00e9dica. Si usted no puede estar presente para aceptar u oponerse a dicha divulgaci\u00f3n, podemos divulgar la informaci\u00f3n seg\u00fan sea necesario si determinamos, bas\u00e1ndonos en nuestro juicio profesional, que es en su mejor inter\u00e9s.  Podemos usar o divulgar su PHI para notificar o ayudar a notificar a un familiar, representante personal o cualquier otra persona responsable de su cuidado sobre su estado general o fallecimiento. Si usted no est\u00e1 presente o no puede aceptar u oponerse al uso o divulgaci\u00f3n de la PHI, su proveedor de atenci\u00f3n m\u00e9dica podr\u00e1, usando juicio profesional, determinar si la divulgaci\u00f3n es en su mejor inter\u00e9s. En este caso, solo se divulgar\u00e1 la PHI que sea necesaria.<\/p>\n<p>&nbsp;<\/p>\n<p><strong>Otros usos y divulgaciones permitidos y requeridos<\/strong><\/p>\n<p>\u00a0Tambi\u00e9n se nos permite usar o divulgar su PHI sin su autorizaci\u00f3n por escrito para los siguientes fines: cuando lo exija la ley; para actividades de salud p\u00fablica; actividades de supervisi\u00f3n de la salud; en casos de abuso o negligencia; para cumplir con los requisitos de la Administraci\u00f3n de Alimentos y Medicamentos (FDA); fines de investigaci\u00f3n; procedimientos legales; prop\u00f3sitos de aplicaci\u00f3n de la ley; forenses; directores de funerarias; donaci\u00f3n de \u00f3rganos; actividades criminales; actividades militares; seguridad nacional; compensaci\u00f3n laboral; cuando un recluso se encuentra en un centro correccional; y si lo solicita el Departamento de Salud y Servicios Humanos para investigar o determinar nuestro cumplimiento con los requisitos de la Norma de Privacidad.<\/p>\n<p>&nbsp;<\/p>\n<p><strong>Quejas de Privacidad<\/strong><\/p>\n<p>Usted tiene el derecho de presentar una queja ante nosotros o directamente ante el Secretario del Departamento de Salud y Servicios Humanos si cree que sus derechos de privacidad han sido violados por nuestra pr\u00e1ctica. Puede presentar una queja con nosotros notificando al Gerente de Privacidad en:<\/p>\n<p>&nbsp;<\/p>\n<p><em>No tomaremos represalias contra usted por presentar una queja.<\/em><\/p>\n<p><em>\u00a0<\/em><\/p>\n<table>\n<tbody>\n<tr>\n<td width=\"240\">\n<p><strong>Direcci\u00f3n: <\/strong>8600 NW South River Dr<\/p>\n<\/td>\n<\/tr>\n<tr>\n<td width=\"240\">\n<p><strong>No.: <\/strong>116<\/p>\n<\/td>\n<\/tr>\n<tr>\n<td width=\"240\">\n<p><strong>Ciudad: <\/strong>Medley<\/p>\n<\/td>\n<\/tr>\n<tr>\n<td width=\"240\">\n<p><strong>State: <\/strong>FL<\/p>\n<\/td>\n<\/tr>\n<tr>\n<td width=\"240\">\n<p><strong>Zip Code: <\/strong>33166<\/p>\n<\/td>\n<\/tr>\n<\/tbody>\n<\/table>\n<p>[\/et_pb_text][\/et_pb_column][\/et_pb_row][\/et_pb_section]<\/p>","protected":false},"excerpt":{"rendered":"<p>Discover how we protect your health information and respect your privacy under HIPAA regulations.This notice describes how medical information about you may be used and disclosed, and how you can gain access to this information. Please review it carefully. \u00a0 WALKING WITH HOPE CORP \u00a0 Protected health information (PHI), about you, is maintained as a [&hellip;]<\/p>","protected":false},"author":1,"featured_media":0,"parent":0,"menu_order":0,"comment_status":"closed","ping_status":"closed","template":"","meta":{"_et_pb_use_builder":"on","_et_pb_old_content":"<div class=\"boldgrid-section\">\r\n<div class=\"container\">\r\n<div class=\"row\">\r\n<div class=\"col-lg-12 col-md-12 col-xs-12 col-sm-12\">\r\n\r\n&nbsp;\r\n\r\n<\/div>\r\n<\/div>\r\n<\/div>\r\n<\/div>","_et_gb_content_width":"","pagelayer_contact_templates":[],"_pagelayer_content":"","footnotes":""},"class_list":["post-173","page","type-page","status-publish","hentry"],"_links":{"self":[{"href":"https:\/\/walkingwithhopeaba.com\/es\/wp-json\/wp\/v2\/pages\/173","targetHints":{"allow":["GET"]}}],"collection":[{"href":"https:\/\/walkingwithhopeaba.com\/es\/wp-json\/wp\/v2\/pages"}],"about":[{"href":"https:\/\/walkingwithhopeaba.com\/es\/wp-json\/wp\/v2\/types\/page"}],"author":[{"embeddable":true,"href":"https:\/\/walkingwithhopeaba.com\/es\/wp-json\/wp\/v2\/users\/1"}],"replies":[{"embeddable":true,"href":"https:\/\/walkingwithhopeaba.com\/es\/wp-json\/wp\/v2\/comments?post=173"}],"version-history":[{"count":7,"href":"https:\/\/walkingwithhopeaba.com\/es\/wp-json\/wp\/v2\/pages\/173\/revisions"}],"predecessor-version":[{"id":195,"href":"https:\/\/walkingwithhopeaba.com\/es\/wp-json\/wp\/v2\/pages\/173\/revisions\/195"}],"wp:attachment":[{"href":"https:\/\/walkingwithhopeaba.com\/es\/wp-json\/wp\/v2\/media?parent=173"}],"curies":[{"name":"wp","href":"https:\/\/api.w.org\/{rel}","templated":true}]}}